{"id":3,"date":"2024-04-26T08:06:03","date_gmt":"2024-04-26T07:06:03","guid":{"rendered":"https:\/\/evapozar.com\/svetovanja\/?page_id=3"},"modified":"2024-08-08T07:46:04","modified_gmt":"2024-08-08T06:46:04","slug":"pravilnik-o-zasebnosti","status":"publish","type":"page","link":"https:\/\/evapozar.com\/en\/privacy-policy\/","title":{"rendered":"Privacy Policy"},"content":{"rendered":"<section id=\"section-2-3\" class=\" ct-section oxyb-section oxyb-section-text\" ><div class=\"ct-section-inner-wrap\"><div id=\"div_block-3-3\" class=\"ct-div-block oxyb-section-image-bg\" ><div id=\"div_block-4-3\" class=\"ct-div-block\" ><div id=\"_rich_text-5-3\" class=\"oxy-rich-text oxyb-maxwidth-big\" ><h1 class=\"wp-block-heading\">Pravilnik o zasebnosti&nbsp;<\/h1>\n<p class=\"wp-block-heading\">Datum za\u010detka veljavnosti: 20. 7. 2024<\/p>\n<p class=\"wp-block-heading\"><strong>Uvod<\/strong><\/p>\n<p class=\"wp-block-heading\">Ta politika zasebnosti pojasnjuje, kako zbiramo, uporabljamo, delimo in &scaron;\u010ditimo va&scaron;e osebne podatke v skladu z GDPR (Splo&scaron;na uredba o varstvu podatkov). Z obiskom in uporabo na&scaron;e spletne strani se strinjate s pogoji te politike zasebnosti.<\/p>\n<p class=\"wp-block-heading\">Naslednji Pravilnik o zasebnosti ureja spletne prakse zbiranja informacij s strani Zavoda Vra\u010danje k sebi (\"PODJETJE\", \"mi\" ali \"nas\"). Natan\u010dneje, opisuje vrste informacij, ki jih zbiramo o vas med uporabo spletne strani (&raquo;Spletna stran&laquo;), in na\u010dine, kako te informacije uporabljamo. Ta Pravilnik o zasebnosti, vklju\u010dno z na&scaron;o izjavo o zasebnosti otrok, ne velja za nobene informacije, ki nam jih posredujete ali ki jih lahko zbiramo brez povezave in\/ali na druge na\u010dine (na primer na dogodkih v \u017eivo, po telefonu ali po po&scaron;ti).<\/p>\n<p class=\"wp-block-heading\">Prosimo, da ta Pravilnik o zasebnosti natan\u010dno preberete. Z obiskom in uporabo Spletne strani se strinjate, da je va&scaron;a uporaba na&scaron;e Spletne strani in morebitni spor glede zasebnosti urejena s tem Pravilnikom o zasebnosti. Ker je spletna tehnologija v nenehnem razvoju, bomo morda morali na&scaron; Pravilnik o zasebnosti v prihodnosti spremeniti, v tem primeru bomo spremembe objavili na tej spletni strani in posodobili Datum za\u010detka veljavnosti pravilnika, da bo odra\u017eal datum sprememb. Z nadaljnjo uporabo Spletne strani po objavi tak&scaron;nih sprememb sprejemate Pravilnik o zasebnosti v spremenjeni obliki.<\/p>\n<p class=\"wp-block-heading\">Spletna stran si prizadeva svojim obiskovalcem ponuditi &scaron;tevilne prednosti spletne tehnologije ter zagotavljati interaktivno in personalizirano izku&scaron;njo. Va&scaron;e osebno prepoznavne informacije (va&scaron;e ime, e-po&scaron;tni naslov, naslov, telefonska &scaron;tevilka) lahko uporabljamo v skladu s tem pravilnikom o zasebnosti. Va&scaron;ega e-po&scaron;tnega naslova nikoli ne bomo prodali, zamenjali ali oddali v najem nepoobla&scaron;\u010denim tretjim osebam.<\/p>\n<p class=\"wp-block-heading\"><strong>Katere informacije zbiramo?<\/strong><\/p>\n<p class=\"wp-block-heading\">Informacije zbiramo od vas, ko se registrirate na na&scaron;i spletni strani, oddate naro\u010dilo, naro\u010dite na na&scaron;o novi\u010dko, odgovorite na anketo ali izpolnite obrazec. Pri naro\u010danju ali registraciji na na&scaron;i spletni strani vas lahko po potrebi zaprosimo za: ime, e-po&scaron;tni naslov, po&scaron;tni naslov, telefonsko &scaron;tevilko ali podatke o kreditni kartici. Na&scaron;o spletno stran lahko obi&scaron;\u010dete tudi anonimno.<\/p>\n<p class=\"wp-block-heading\"><strong>Za kaj uporabljamo va&scaron;e informacije?<\/strong><\/p>\n<p class=\"wp-block-heading\">Katerakoli informacija, ki jo zberemo od vas, se lahko uporabi na enega od naslednjih na\u010dinov: za personalizacijo va&scaron;e izku&scaron;nje, za izbolj&scaron;anje na&scaron;e spletne strani, za izbolj&scaron;anje storitev za stranke, za obdelavo transakcij, upravljanje nate\u010dajev, promocij, anket ali drugih funkcij spletne strani ter za po&scaron;iljanje ob\u010dasnih e-po&scaron;tnih sporo\u010dil.<\/p>\n<p class=\"wp-block-heading\">Va&scaron;e informacije, bodisi javne ali zasebne, ne bodo prodane, zamenjane, prenesene ali dane nobeni drugi dru\u017ebi iz kakr&scaron;negakoli razloga brez va&scaron;ega soglasja, razen za namen dostave kupljenega izdelka ali storitve, ki ste jih zahtevali.<\/p>\n<p class=\"wp-block-heading\">\u010ce se kadarkoli \u017eelite odjaviti od prejemanja prihodnjih e-po&scaron;tnih sporo\u010dil, vklju\u010dujemo podrobna navodila za odjavo na dnu vsakega e-po&scaron;tnega sporo\u010dila.<\/p>\n<p class=\"wp-block-heading\"><strong>Ali posredujemo kak&scaron;ne informacije zunanjim strankam?<\/strong><\/p>\n<p class=\"wp-block-heading\">Va&scaron;ih osebno prepoznavnih informacij ne prodajamo, trgujemo ali kako druga\u010de prena&scaron;amo zunanjim strankam. To ne vklju\u010duje zaupanja vrednih tretjih oseb, ki nam pomagajo pri delovanju na&scaron;e spletne strani, vodenju na&scaron;ega poslovanja ali storitvi za vas, dokler se te stranke strinjajo, da bodo te informacije zaupne. Va&scaron;e informacije lahko posredujemo tudi, \u010de je to potrebno za izpolnjevanje zakonov, uveljavljanje na&scaron;ih politik spletne strani ali za&scaron;\u010dito na&scaron;ih ali drugih pravic, lastnine ali varnosti. Vendar pa lahko neosebno prepoznavne informacije o obiskovalcih posredujemo drugim strankam za tr\u017eenje, ogla&scaron;evanje ali druge uporabe.<\/p>\n<p class=\"wp-block-heading\"><strong>Kako &scaron;\u010ditimo va&scaron;e informacije?<\/strong><\/p>\n<p class=\"wp-block-heading\">Uvajamo razli\u010dne varnostne ukrepe za ohranjanje varnosti va&scaron;ih osebnih informacij, ko oddate naro\u010dilo ali vnesete, predlo\u017eite ali dostopate do va&scaron;ih osebnih podatkov.<\/p>\n<p class=\"wp-block-heading\"><strong>Pravice posameznikov<\/strong><\/p>\n<p class=\"wp-block-heading\">V skladu z GDPR imate naslednje pravice:<\/p>\n<ul>\n<li class=\"wp-block-heading\">Pravica do dostopa: Imate pravico zahtevati kopijo osebnih podatkov, ki jih hranimo o vas.<\/li>\n<li class=\"wp-block-heading\">Pravica do popravka: Imate pravico zahtevati popravek neto\u010dnih ali nepopolnih osebnih podatkov.<\/li>\n<li class=\"wp-block-heading\">Pravica do izbrisa: Imate pravico zahtevati izbris va&scaron;ih osebnih podatkov, kadar ni ve\u010d potreben za namene, za katere so bili zbrani.<\/li>\n<li class=\"wp-block-heading\">Pravica do omejitve obdelave: Imate pravico zahtevati omejitev obdelave va&scaron;ih osebnih podatkov.<\/li>\n<li class=\"wp-block-heading\">Pravica do prenosljivosti podatkov: Imate pravico zahtevati prenos va&scaron;ih osebnih podatkov drugi organizaciji.<\/li>\n<li class=\"wp-block-heading\">Pravica do ugovora: Imate pravico ugovarjati obdelavi va&scaron;ih osebnih podatkov.<\/li>\n<\/ul>\n<p class=\"wp-block-heading\">Za uveljavljanje teh pravic nas kontaktirajte na [<a href=\"mailto:info@evapozar.com\">info@evapozar.com<\/a>].<\/p>\n<p class=\"wp-block-heading\"><strong>Ali uporabljamo pi&scaron;kotke?<\/strong><\/p>\n<p class=\"wp-block-heading\">Da (pi&scaron;kotki so majhne datoteke, ki jih spletna stran ali njen ponudnik storitev prenese na trdi disk va&scaron;ega ra\u010dunalnika prek va&scaron;ega spletnega brskalnika (\u010de dovolite), kar omogo\u010da spletnim stranem ali sistemom ponudnikov storitev prepoznavanje va&scaron;ega brskalnika in zajemanje ter zapomnitev dolo\u010denih informacij). Pi&scaron;kotke uporabljamo za pomo\u010d pri zapomnitvi in obdelavi artiklov v va&scaron;i nakupovalni ko&scaron;arici, za razumevanje in shranjevanje va&scaron;ih nastavitev za prihodnje obiske ter za zbiranje zdru\u017eenih podatkov o prometu na spletni strani in interakcijah na spletni strani, da bomo lahko v prihodnje ponudili bolj&scaron;e izku&scaron;nje in orodja na spletni strani. Lahko sklenemo pogodbe s tretjimi ponudniki storitev, ki nam pomagajo bolje razumeti na&scaron;e obiskovalce spletne strani. Teme ponudnikom storitev ni dovoljeno uporabljati informacij, zbranih v na&scaron;em imenu, razen za pomo\u010d pri vodenju in izbolj&scaron;anju na&scaron;ega poslovanja.<\/p>\n<p class=\"wp-block-heading\"><strong>Povezana spletna mesta, povezave in oglasi<\/strong><\/p>\n<p class=\"wp-block-heading\">Ob\u010dasno lahko po lastni presoji na na&scaron;i spletni strani vklju\u010dimo ali ponudimo izdelke ali storitve tretjih oseb. Ta spletna mesta tretjih oseb imajo lo\u010dene in neodvisne politike zasebnosti. Zato ne prevzemamo odgovornosti ali obveznosti za vsebino in dejavnosti teh povezanih spletnih mest. Kljub temu si prizadevamo za&scaron;\u010dititi celovitost na&scaron;e spletne strani in pozdravljamo vse povratne informacije o teh spletnih mestih.<\/p>\n<p class=\"wp-block-heading\"><strong>Samo spletna politika zasebnosti<\/strong><\/p>\n<p class=\"wp-block-heading\">Ta spletna politika zasebnosti velja samo za informacije, zbrane prek na&scaron;e spletne strani in ne za informacije, zbrane brez povezave.<\/p>\n<p class=\"wp-block-heading\"><strong>Spremembe tega pravilnika<\/strong><\/p>\n<p class=\"wp-block-heading\">Pridr\u017eujemo si pravico, da kadar koli spremenimo ta pravilnik. Prosimo, redno preverjajte to stran za spremembe. Va&scaron;a nadaljnja uporaba na&scaron;e spletne strani po objavi sprememb teh pogojev pomeni, da sprejemate te spremembe. Informacije, zbrane pred \u010dasom, ko je bila objavljena katera koli sprememba, bodo uporabljene v skladu s pravili in zakoni, ki so veljali v \u010dasu, ko so bile informacije zbrane.<\/p>\n<p class=\"wp-block-heading\"><strong>Pravo, ki velja<\/strong><\/p>\n<p class=\"wp-block-heading\">Ta pravilnik in uporaba teh spletnih strani sta urejena z zakoni Slovenije\/Evropske unije. \u010ce pride do spora v zvezi s tem pravilnikom, se strinjamo, da bomo najprej posku&scaron;ali re&scaron;iti s pomo\u010djo mediacije, ki jo bomo obojestransko sprejeli, na naslednji lokaciji: Slovenija. Morebitne stro&scaron;ke in pristojbine, razen odvetni&scaron;kih stro&scaron;kov, povezane z mediacijo, bomo enakomerno delili med seboj.<\/p>\n<p class=\"wp-block-heading\">Spletna stran je v celoti nadzorovana, upravljana in administrirana v Sloveniji. Ta izjava in tukaj opisane politike niso namenjene ustvarjanju kakr&scaron;nih koli pogodbenih ali drugih pravnih pravic v imenu katere koli stranke.<\/p>\n<p class=\"wp-block-heading\"><strong>Kontakt<\/strong><\/p>\n<p class=\"wp-block-heading\">\u010ce imate kakr&scaron;na koli vpra&scaron;anja v zvezi s tem pravilnikom o zasebnosti, nas lahko kontaktirate na: <a href=\"mailto:info@evapozar.com\">info@evapozar.com<\/a>.<\/p>\n<p class=\"wp-block-heading\">&nbsp;<\/p><\/div><\/div><\/div><\/div><\/section>","protected":false},"excerpt":{"rendered":"","protected":false},"author":1,"featured_media":0,"parent":0,"menu_order":0,"comment_status":"closed","ping_status":"open","template":"","meta":{"_acf_changed":false,"inline_featured_image":false,"footnotes":""},"class_list":["post-3","page","type-page","status-publish","hentry"],"acf":[],"_links":{"self":[{"href":"https:\/\/evapozar.com\/en\/wp-json\/wp\/v2\/pages\/3","targetHints":{"allow":["GET"]}}],"collection":[{"href":"https:\/\/evapozar.com\/en\/wp-json\/wp\/v2\/pages"}],"about":[{"href":"https:\/\/evapozar.com\/en\/wp-json\/wp\/v2\/types\/page"}],"author":[{"embeddable":true,"href":"https:\/\/evapozar.com\/en\/wp-json\/wp\/v2\/users\/1"}],"replies":[{"embeddable":true,"href":"https:\/\/evapozar.com\/en\/wp-json\/wp\/v2\/comments?post=3"}],"version-history":[{"count":5,"href":"https:\/\/evapozar.com\/en\/wp-json\/wp\/v2\/pages\/3\/revisions"}],"predecessor-version":[{"id":170,"href":"https:\/\/evapozar.com\/en\/wp-json\/wp\/v2\/pages\/3\/revisions\/170"}],"wp:attachment":[{"href":"https:\/\/evapozar.com\/en\/wp-json\/wp\/v2\/media?parent=3"}],"curies":[{"name":"wp","href":"https:\/\/api.w.org\/{rel}","templated":true}]}}