{"id":30,"date":"2024-04-26T13:02:43","date_gmt":"2024-04-26T12:02:43","guid":{"rendered":"https:\/\/evapozar.com\/?page_id=30"},"modified":"2025-02-05T20:00:39","modified_gmt":"2025-02-05T19:00:39","slug":"o-meni","status":"publish","type":"page","link":"https:\/\/evapozar.com\/en\/about-me\/","title":{"rendered":"About me"},"content":{"rendered":"<section id=\"section-2-30\" class=\"ct-section oxyb-section oxyb-section-image-fullwidth\" ><div class=\"ct-section-inner-wrap\"><div id=\"div_block-3-30\" class=\"ct-div-block\" ><img decoding=\"async\"  id=\"image-66-30\" alt=\"\" src=\"https:\/\/evapozar.com\/svetovanja\/wp-content\/uploads\/2024\/06\/o_meni_evapozar_v2.jpg\" class=\"ct-image ep-fullwidth-img\"\/><h1 id=\"headline-9-30\" class=\"ct-headline ep-fullwidth-title\"><span id=\"span-10-30\" class=\"ct-span\" >About me<\/span><\/h1><a id=\"link_text-11-30\" class=\"ct-link-text ep-arrow-down\" href=\"#intro\" target=\"_self\"  ><\/a><\/div><\/div><\/section><section id=\"intro\" class=\"ct-section oxyb-section\" ><div class=\"ct-section-inner-wrap\"><div id=\"div_block-6-30\" class=\"ct-div-block ep-red\" ><div id=\"_rich_text-7-30\" class=\"oxy-rich-text oxyb-maxwidth-big ep-ibarra ep-font-22\" ><p>My journey began with the study of psychotherapy and I was sure I would work as a psychotherapist. Individual and group processes in psychotherapy opened me up to new perspectives of myself, others and life. Shortly after this discovery, new worlds began to open for me when I got to know Buddhism and meditation in India. The mindfulness trainings, based on both Western psychology and Eastern Buddhist practices, expanded my horizons beyond what I thought existed. I gained permission to work in psychotherapy under supervision and had been successfully facilitating mindfulness courses for years, yet something was still missing. Feeling alive. I was looking for an expression of being fully alive, which for me comes from connecting with sexuality and expressing the body through movement, voice and dance. <\/p><\/div><\/div><\/div><\/section><section id=\"section-12-30\" class=\"ct-section oxyb-section oxyb-section-image oxyb-section-image-reverse\" ><div class=\"ct-section-inner-wrap\"><div id=\"div_block-13-30\" class=\"ct-div-block oxyb-section-image-bg\" ><div id=\"div_block-65-30\" class=\"ct-div-block oxyb-section-center\" ><div id=\"div_block-14-30\" class=\"ct-div-block oxyb-section-image-text-wrap\" ><h2 id=\"_rich_text-67-30\" class=\"oxy-rich-text ep-uppercase oxyb-section-image-title\" ><p>My foundations<\/p><\/h2><div id=\"_rich_text-17-30\" class=\"oxy-rich-text oxyb-section-image-text oxyb-maxwidth\" ><p>I found this at the VITA\u2122 intensive training for coaches in the field of sex, love and relationships. Studying psychotherapy made me aware of the deep wounds we carry inside ourselves and that safely opening to them is only possible with a great deal of respect, ethics, integrity, continuous education and additional support. Buddhism and mindfulness opened my awareness to how unpredictable, mysterious and vast life really is, both outside and within us. This, in itself, brings an endless reservoir of aliveness, but something was still missing. I found this missing piece in the VITA\u2122 training, which sets the foundations for the approach I use to design coaching programs. This is the third pillar, in addition to the knowledge of psychotherapy and mindfulness, that creates a stable base for my work which makes me feel alive.<\/p><\/div><\/div><div id=\"div_block-19-30\" class=\"ct-div-block oxyb-section-image-img-wrap\" ><img decoding=\"async\"  id=\"image-20-30\" alt=\"\" src=\"https:\/\/evapozar.com\/svetovanja\/wp-content\/uploads\/2024\/06\/vracanje-k-sebi-eva-certifikat.jpg\" class=\"ct-image\"\/><\/div><\/div><\/div><\/div><\/section><section id=\"section-45-30\" class=\"ct-section oxyb-section oxyb-section-image-fullwidth\" ><div class=\"ct-section-inner-wrap\"><div id=\"div_block-46-30\" class=\"ct-div-block\" ><img decoding=\"async\"  id=\"image-47-30\" alt=\"\" src=\"https:\/\/evapozar.com\/svetovanja\/wp-content\/uploads\/2024\/06\/tia_eva_podolgovata.jpg\" class=\"ct-image ep-fullwidth-img\"\/><\/div><\/div><\/section><section id=\"section-52-30\" class=\"ct-section oxyb-section oxyb-section-image\" ><div class=\"ct-section-inner-wrap\"><div id=\"div_block-53-30\" class=\"ct-div-block oxyb-section-image-bg\" ><div id=\"div_block-61-30\" class=\"ct-div-block oxyb-section-center\" ><div id=\"div_block-54-30\" class=\"ct-div-block oxyb-section-image-text-wrap\" ><div id=\"_rich_text-57-30\" class=\"oxy-rich-text oxyb-section-image-text oxyb-maxwidth\" ><p>I love long walks in nature with my dog Tia, where I sometimes dive into a river or lake. I enjoy dancing, by myself in the living room or with others. Currently, contact improvisation dance brings me a lot of satisfaction, playfulness, and a sense of feeling alive. Reading, listening to, and writing poetry is food for my soul. Travelling has always been my passion, exploring our beautiful Earth. I have no doubt that I will be called again to venture into the exploration of new places, cultures and myself.<\/p><\/div><\/div><div id=\"div_block-59-30\" class=\"ct-div-block oxyb-section-image-img-wrap\" ><img decoding=\"async\"  id=\"image-60-30\" alt=\"\" src=\"https:\/\/evapozar.com\/svetovanja\/wp-content\/uploads\/2024\/07\/vracanje-k-sebi-o_meni-eva-scaled.jpg\" class=\"ct-image\"\/><\/div><\/div><\/div><\/div><\/section><section id=\"section-31-30\" class=\"ct-section oxyb-section\" ><div class=\"ct-section-inner-wrap\"><div id=\"div_block-32-30\" class=\"ct-div-block ep-red\" ><h2 id=\"_rich_text-70-30\" class=\"oxy-rich-text ep-uppercase oxyb-maxwidth\" ><p>My commitement<\/p><\/h2><div id=\"_rich_text-34-30\" class=\"oxy-rich-text oxyb-maxwidth-big\" ><p>My life intention is to support the development of a more inclusive and accepting society. Therefore, all people, regardless of age, sexual orientation, gender identity, body ability, race, ethnicity, or religion are invited to work with me. I am aware that the desire to support a more inclusive society requires constant learning and is challenging at times. However, I am dedicated to continuously questioning concepts and ideologies and committed to understanding each individual with their unique experiences and needs as best as I can.<\/p><\/div><\/div><\/div><\/section><section id=\"section-35-30\" class=\"ct-section oxyb-section oxyb-section-text\" ><div class=\"ct-section-inner-wrap\"><div id=\"div_block-36-30\" class=\"ct-div-block oxyb-section-image-bg\" ><div id=\"div_block-37-30\" class=\"ct-div-block\" ><h2 id=\"_rich_text-73-30\" class=\"oxy-rich-text ep-uppercase oxyb-maxwidth\" ><p>Use of language<\/p><\/h2><div id=\"_rich_text-39-30\" class=\"oxy-rich-text oxyb-maxwidth-big\" ><p>Use of language on this page.<\/p>\n<p>One-on-one work under the tab <a href=\"..\/..\/coaching\/\">coaching<\/a> is intended for all individuals. <a href=\"..\/..\/delavnice\/\">Workshops<\/a> are currently designed for women with a vulva and vagina.\u2003<\/p><\/div><\/div><\/div><\/div><\/section><section id=\"section-40-30\" class=\"ct-section oxyb-section oxyb-section-text\" ><div class=\"ct-section-inner-wrap\"><div id=\"div_block-41-30\" class=\"ct-div-block oxyb-section-image-bg\" ><div id=\"div_block-42-30\" class=\"ct-div-block\" ><h2 id=\"_rich_text-76-30\" class=\"oxy-rich-text ep-uppercase oxyb-section-image-title\" ><p>Training and experiences:<\/p><\/h2><div id=\"_rich_text-44-30\" class=\"oxy-rich-text oxyb-maxwidth-big\" ><ul>\n<li>Academic education: Master's degree in Sociology, Faculty of Social Sciences, Ljubljana (2017).<\/li>\n<li>Training in psychotherapy at SFU University and at the Institute for Psychodynamic Psychotherapy (2014-2017).<\/li>\n<li>Training in the field of mindfulness at Bangor University in the UK, where I took part in initial and continuing trainings for mindfulness teachers (2014-2020). More on the subpage <a href=\"..\/..\/cujecnost\/\">Mindfulness<\/a>.<\/li>\n<li>Facilitating mindfulness programs and retreats from 2015 onwards.<\/li>\n<li>Co-founding and management of the Slovenian Mindfulness Development Association from 2015 onwards, within which I facilitated mindfulness programs and meditation retreats.<\/li>\n<li>Microphenomenological interview training in Paris with Claire Petitmengin, where I deepened my knowledge and experience of researching the lived experience of an individual (2019).<\/li>\n<li>Certificate in Sex, Love and Relationship Coaching under Layla Martin, which consisted of 650+ hours (2020-2023).<\/li>\n<li>Over 10 years of experience in personal individual and group psychotherapy, along with participation in meditation retreats organized by the Slovenian Mindfulness Development Association and other Buddhist organizations.<\/li>\n<\/ul><\/div><\/div><\/div><\/div><\/section><section id=\"section-89-30\" class=\"ct-section mediji\" ><div class=\"ct-section-inner-wrap\"><div id=\"div_block-83-30\" class=\"ct-div-block\" ><h2 id=\"_rich_text-84-30\" class=\"oxy-rich-text ep-uppercase oxyb-maxwidth\" ><p>Iz medijev<\/p><\/h2><div id=\"new_columns-147-30\" class=\"ct-new-columns\" ><div id=\"div_block-148-30\" class=\"ct-div-block\" ><div id=\"video-155-30\" class=\"ct-video\" >\n                <div class=\"oxygen-vsb-responsive-video-wrapper\"><iframe  src=\"https:\/\/www.youtube.com\/embed\/AwI-ff0z9ys\" frameborder=\"0\" webkitallowfullscreen mozallowfullscreen allowfullscreen><\/iframe><\/div>\n                <\/div><div id=\"_rich_text-156-30\" class=\"oxy-rich-text oxyb-maxwidth-big\" ><p>Podcast: <a href=\"https:\/\/www.youtube.com\/watch?v=AwI-ff0z9ys\" target=\"_blank\" rel=\"noopener\">David Zupan\u010di\u010d, umetnost lenarjenja - \u010cuje\u010dnost<\/a><\/p><\/div><\/div><div id=\"div_block-149-30\" class=\"ct-div-block\" ><a id=\"link-160-30\" class=\"ct-link\" href=\"https:\/\/www.rtvslo.si\/zdravje\/tv-klinika-kako-lahko-preprecimo-da-bi-se-nam-zgodila-izgorelost\/738420\" target=\"_blank\" rel=\"noopener\"><img loading=\"lazy\" decoding=\"async\" height=\"1078\" width=\"1913\"  id=\"image-124-30\" alt=\"\" src=\"https:\/\/evapozar.com\/svetovanja\/wp-content\/uploads\/2025\/12\/eva-pozar-tv-klinika-z-davidom-zupancicem-cujecnost.png\" class=\"ct-image\" srcset-disabled=\"https:\/\/evapozar.com\/svetovanja\/wp-content\/uploads\/2025\/12\/eva-pozar-tv-klinika-z-davidom-zupancicem-cujecnost.png 1913w, https:\/\/evapozar.com\/svetovanja\/wp-content\/uploads\/2025\/12\/eva-pozar-tv-klinika-z-davidom-zupancicem-cujecnost-300x169.png 300w, https:\/\/evapozar.com\/svetovanja\/wp-content\/uploads\/2025\/12\/eva-pozar-tv-klinika-z-davidom-zupancicem-cujecnost-1024x577.png 1024w, https:\/\/evapozar.com\/svetovanja\/wp-content\/uploads\/2025\/12\/eva-pozar-tv-klinika-z-davidom-zupancicem-cujecnost-768x433.png 768w, https:\/\/evapozar.com\/svetovanja\/wp-content\/uploads\/2025\/12\/eva-pozar-tv-klinika-z-davidom-zupancicem-cujecnost-1536x866.png 1536w, https:\/\/evapozar.com\/svetovanja\/wp-content\/uploads\/2025\/12\/eva-pozar-tv-klinika-z-davidom-zupancicem-cujecnost-18x10.png 18w\" sizes=\"auto, (max-width: 1913px) 100vw, 1913px\"\/><\/a><div id=\"_rich_text-115-30\" class=\"oxy-rich-text oxyb-maxwidth-big\" ><p>Televizija: <a href=\"https:\/\/www.rtvslo.si\/zdravje\/tv-klinika-kako-lahko-preprecimo-da-bi-se-nam-zgodila-izgorelost\/738420\" target=\"_blank\" rel=\"noopener\">TV Klinika z Davidom Zupan\u010di\u010dem<\/a><\/p><\/div><\/div><div id=\"div_block-150-30\" class=\"ct-div-block\" ><div id=\"video-125-30\" class=\"ct-video\" >\n                <div class=\"oxygen-vsb-responsive-video-wrapper\"><iframe  src=\"https:\/\/www.youtube.com\/embed\/WL7vy3ngzI4\" frameborder=\"0\" webkitallowfullscreen mozallowfullscreen allowfullscreen><\/iframe><\/div>\n                <\/div><div id=\"_rich_text-127-30\" class=\"oxy-rich-text oxyb-maxwidth-big\" ><p>Podcast: <a href=\"https:\/\/www.youtube.com\/watch?v=WL7vy3ngzI4\" target=\"_blank\" rel=\"noopener\">Svet u\u017eitka - \u010cuje\u010dnost v spolnosti: Prisotnost v u\u017eitku<\/a><\/p><\/div><\/div><\/div><div id=\"new_columns-170-30\" class=\"ct-new-columns\" ><div id=\"div_block-171-30\" class=\"ct-div-block\" ><img loading=\"lazy\" decoding=\"async\" height=\"331\" width=\"748\"  id=\"image-140-30\" alt=\"\" src=\"https:\/\/evapozar.com\/svetovanja\/wp-content\/uploads\/2025\/12\/eva-pozar-radio-94-cujecnost.png\" class=\"ct-image\" srcset-disabled=\"https:\/\/evapozar.com\/svetovanja\/wp-content\/uploads\/2025\/12\/eva-pozar-radio-94-cujecnost.png 748w, https:\/\/evapozar.com\/svetovanja\/wp-content\/uploads\/2025\/12\/eva-pozar-radio-94-cujecnost-300x133.png 300w, https:\/\/evapozar.com\/svetovanja\/wp-content\/uploads\/2025\/12\/eva-pozar-radio-94-cujecnost-18x8.png 18w\" sizes=\"auto, (max-width: 748px) 100vw, 748px\"\/><div id=\"_rich_text-142-30\" class=\"oxy-rich-text oxyb-maxwidth-big\" ><p>Radio: Radio 94 - <a href=\"https:\/\/www.radio94.si\/eva-pozar-cujecnost-je-del-nas\/\" target=\"_blank\" rel=\"noopener\">\u010cuje\u010dnost je del nas<\/a><\/p><\/div><\/div><div id=\"div_block-172-30\" class=\"ct-div-block\" ><img loading=\"lazy\" decoding=\"async\" height=\"331\" width=\"748\"  id=\"image-167-30\" alt=\"\" src=\"https:\/\/evapozar.com\/svetovanja\/wp-content\/uploads\/2025\/12\/eva-pozar-cujecnost-in-uzitek-24ur.com_.png\" class=\"ct-image\" srcset-disabled=\"https:\/\/evapozar.com\/svetovanja\/wp-content\/uploads\/2025\/12\/eva-pozar-cujecnost-in-uzitek-24ur.com_.png 748w, https:\/\/evapozar.com\/svetovanja\/wp-content\/uploads\/2025\/12\/eva-pozar-cujecnost-in-uzitek-24ur.com_-300x133.png 300w, https:\/\/evapozar.com\/svetovanja\/wp-content\/uploads\/2025\/12\/eva-pozar-cujecnost-in-uzitek-24ur.com_-18x8.png 18w\" sizes=\"auto, (max-width: 748px) 100vw, 748px\"\/><div id=\"_rich_text-168-30\" class=\"oxy-rich-text oxyb-maxwidth-big\" ><p>Intervju: <a href=\"https:\/\/www.24ur.com\/novice\/slovenija\/kaj-pa-ce-je-uzitek-tisti-ki-pride-prvi.html\" target=\"_blank\" rel=\"noopener\">24ur.com - Kaj pa, \u010de je u\u017eitek tisti, ki je na vrsti prvi?<\/a><\/p><\/div><\/div><div id=\"div_block-173-30\" class=\"ct-div-block\" ><img loading=\"lazy\" decoding=\"async\" height=\"331\" width=\"748\"  id=\"image-137-30\" alt=\"\" src=\"https:\/\/evapozar.com\/svetovanja\/wp-content\/uploads\/2025\/12\/eva-pozar-radio-94-cujecnost-2024.png\" class=\"ct-image\" srcset-disabled=\"https:\/\/evapozar.com\/svetovanja\/wp-content\/uploads\/2025\/12\/eva-pozar-radio-94-cujecnost-2024.png 748w, https:\/\/evapozar.com\/svetovanja\/wp-content\/uploads\/2025\/12\/eva-pozar-radio-94-cujecnost-2024-300x133.png 300w, https:\/\/evapozar.com\/svetovanja\/wp-content\/uploads\/2025\/12\/eva-pozar-radio-94-cujecnost-2024-18x8.png 18w\" sizes=\"auto, (max-width: 748px) 100vw, 748px\"\/><div id=\"_rich_text-138-30\" class=\"oxy-rich-text oxyb-maxwidth-big\" ><p>Radio: Radio 94 - <a href=\"https:\/\/www.radio94.si\/brez-napotnice-cujecnost\/\" target=\"_blank\" rel=\"noopener\">U\u017eitek in spolnost v povezavi s \u010duje\u010dnostjo<\/a><\/p><\/div><\/div><\/div><\/div><\/div><\/section>","protected":false},"excerpt":{"rendered":"","protected":false},"author":1,"featured_media":0,"parent":0,"menu_order":0,"comment_status":"closed","ping_status":"closed","template":"","meta":{"_acf_changed":false,"inline_featured_image":false,"footnotes":""},"class_list":["post-30","page","type-page","status-publish","hentry"],"acf":[],"_links":{"self":[{"href":"https:\/\/evapozar.com\/en\/wp-json\/wp\/v2\/pages\/30","targetHints":{"allow":["GET"]}}],"collection":[{"href":"https:\/\/evapozar.com\/en\/wp-json\/wp\/v2\/pages"}],"about":[{"href":"https:\/\/evapozar.com\/en\/wp-json\/wp\/v2\/types\/page"}],"author":[{"embeddable":true,"href":"https:\/\/evapozar.com\/en\/wp-json\/wp\/v2\/users\/1"}],"replies":[{"embeddable":true,"href":"https:\/\/evapozar.com\/en\/wp-json\/wp\/v2\/comments?post=30"}],"version-history":[{"count":8,"href":"https:\/\/evapozar.com\/en\/wp-json\/wp\/v2\/pages\/30\/revisions"}],"predecessor-version":[{"id":228,"href":"https:\/\/evapozar.com\/en\/wp-json\/wp\/v2\/pages\/30\/revisions\/228"}],"wp:attachment":[{"href":"https:\/\/evapozar.com\/en\/wp-json\/wp\/v2\/media?parent=30"}],"curies":[{"name":"wp","href":"https:\/\/api.w.org\/{rel}","templated":true}]}}